{"id":714,"date":"2022-07-21T12:26:29","date_gmt":"2022-07-21T15:26:29","guid":{"rendered":"https:\/\/inovarpredial.com.br\/sindico\/?page_id=714"},"modified":"2022-07-28T15:13:09","modified_gmt":"2022-07-28T18:13:09","slug":"ensino","status":"publish","type":"page","link":"https:\/\/inovarpredial.com.br\/sindico\/ensino\/","title":{"rendered":"Ensino"},"content":{"rendered":"\n<p>A <strong>Inovar Predial Ensino<\/strong> tem como foco atuar na <strong>forma\u00e7\u00e3o<\/strong> e <strong>capacita\u00e7\u00e3o de profissionais<\/strong> da \u00e1rea de condom\u00ednios e im\u00f3veis ministrando cursos, com emiss\u00e3o de certificados, bem como na  atualiza\u00e7\u00e3o e esclarecimento pleno para interessados pelo ramo ou  para algum tema espec\u00edfico. <\/p>\n\n\n\n<h3 class=\"wp-block-heading\">Confira abaixo alguns dos nossos cursos:<\/h3>\n\n\n\n<div class=\"wp-block-columns has-2-columns is-layout-flex wp-container-core-columns-is-layout-9d6595d7 wp-block-columns-is-layout-flex\">\n<div class=\"wp-block-column is-layout-flow wp-block-column-is-layout-flow\">\n<ul class=\"wp-block-list\"><li>Forma\u00e7\u00e3o de s\u00edndicos profissionais e gestores condominiais<\/li><li>Gerentes condominiais<\/li><li>Assembl\u00e9ia condominial<\/li><li>Media\u00e7\u00e3o e concilia\u00e7\u00e3o de conflitos<\/li><li>Zeladoria<\/li><\/ul>\n<\/div>\n\n\n\n<div class=\"wp-block-column is-layout-flow wp-block-column-is-layout-flow\">\n<ul class=\"wp-block-list\"><li>Gerenciamento dos funcion\u00e1rios (portaria e limpeza)<\/li><li>aperfei\u00e7oamento das fun\u00e7\u00f5es (portaria e limpeza)<\/li><li>Manuten\u00e7\u00e3o predial<\/li><li>Financiamento imobili\u00e1rio<\/li><li>Loca\u00e7\u00e3o e venda de im\u00f3veis<\/li><\/ul>\n\n\n\n<h5 class=\"wp-block-heading\" style=\"text-align:left\">Entre outros a serem anunciados, <br>brevemente, em nosso blog<\/h5>\n<\/div>\n<\/div>\n","protected":false},"excerpt":{"rendered":"<p>A Inovar Predial Ensino tem como foco atuar na forma\u00e7\u00e3o e capacita\u00e7\u00e3o de profissionais da [&hellip;]<\/p>\n","protected":false},"author":3,"featured_media":0,"parent":0,"menu_order":0,"comment_status":"closed","ping_status":"closed","template":"","meta":{"_acf_changed":false,"_exactmetrics_skip_tracking":false,"_exactmetrics_sitenote_active":false,"_exactmetrics_sitenote_note":"","_exactmetrics_sitenote_category":0,"footnotes":""},"class_list":["post-714","page","type-page","status-publish","hentry"],"acf":[],"_links":{"self":[{"href":"https:\/\/inovarpredial.com.br\/sindico\/wp-json\/wp\/v2\/pages\/714","targetHints":{"allow":["GET"]}}],"collection":[{"href":"https:\/\/inovarpredial.com.br\/sindico\/wp-json\/wp\/v2\/pages"}],"about":[{"href":"https:\/\/inovarpredial.com.br\/sindico\/wp-json\/wp\/v2\/types\/page"}],"author":[{"embeddable":true,"href":"https:\/\/inovarpredial.com.br\/sindico\/wp-json\/wp\/v2\/users\/3"}],"replies":[{"embeddable":true,"href":"https:\/\/inovarpredial.com.br\/sindico\/wp-json\/wp\/v2\/comments?post=714"}],"version-history":[{"count":7,"href":"https:\/\/inovarpredial.com.br\/sindico\/wp-json\/wp\/v2\/pages\/714\/revisions"}],"predecessor-version":[{"id":725,"href":"https:\/\/inovarpredial.com.br\/sindico\/wp-json\/wp\/v2\/pages\/714\/revisions\/725"}],"wp:attachment":[{"href":"https:\/\/inovarpredial.com.br\/sindico\/wp-json\/wp\/v2\/media?parent=714"}],"curies":[{"name":"wp","href":"https:\/\/api.w.org\/{rel}","templated":true}]}}