{"id":8,"date":"2015-12-11T18:18:56","date_gmt":"2015-12-11T18:18:56","guid":{"rendered":"http:\/\/inovarpredial.com.br\/wordpress\/?page_id=8"},"modified":"2022-07-18T11:20:56","modified_gmt":"2022-07-18T14:20:56","slug":"solucoes","status":"publish","type":"page","link":"https:\/\/inovarpredial.com.br\/sindico\/solucoes\/","title":{"rendered":"Solu\u00e7\u00f5es"},"content":{"rendered":"\n<p>Temos grande experi\u00eancia na \u00e1rea de Condom\u00ednios, atuando como <strong>S\u00edndico Profissional<\/strong> e<strong> Orientador Condominial<\/strong>,<br>atualmente nas localidades de Niter\u00f3i, S\u00e3o Gon\u00e7alo e Rio de Janeiro.<\/p>\n","protected":false},"excerpt":{"rendered":"<p>Temos grande experi\u00eancia na \u00e1rea de Condom\u00ednios, atuando como S\u00edndico Profissional e Orientador Condominial,atualmente nas [&hellip;]<\/p>\n","protected":false},"author":1,"featured_media":0,"parent":0,"menu_order":0,"comment_status":"closed","ping_status":"open","template":"solucoes.php","meta":{"_acf_changed":false,"_exactmetrics_skip_tracking":false,"_exactmetrics_sitenote_active":false,"_exactmetrics_sitenote_note":"","_exactmetrics_sitenote_category":0,"footnotes":""},"class_list":["post-8","page","type-page","status-publish","hentry"],"acf":[],"_links":{"self":[{"href":"https:\/\/inovarpredial.com.br\/sindico\/wp-json\/wp\/v2\/pages\/8","targetHints":{"allow":["GET"]}}],"collection":[{"href":"https:\/\/inovarpredial.com.br\/sindico\/wp-json\/wp\/v2\/pages"}],"about":[{"href":"https:\/\/inovarpredial.com.br\/sindico\/wp-json\/wp\/v2\/types\/page"}],"author":[{"embeddable":true,"href":"https:\/\/inovarpredial.com.br\/sindico\/wp-json\/wp\/v2\/users\/1"}],"replies":[{"embeddable":true,"href":"https:\/\/inovarpredial.com.br\/sindico\/wp-json\/wp\/v2\/comments?post=8"}],"version-history":[{"count":4,"href":"https:\/\/inovarpredial.com.br\/sindico\/wp-json\/wp\/v2\/pages\/8\/revisions"}],"predecessor-version":[{"id":710,"href":"https:\/\/inovarpredial.com.br\/sindico\/wp-json\/wp\/v2\/pages\/8\/revisions\/710"}],"wp:attachment":[{"href":"https:\/\/inovarpredial.com.br\/sindico\/wp-json\/wp\/v2\/media?parent=8"}],"curies":[{"name":"wp","href":"https:\/\/api.w.org\/{rel}","templated":true}]}}